{"id":2853,"date":"2022-04-09T20:21:25","date_gmt":"2022-04-09T18:21:25","guid":{"rendered":"https:\/\/heyolive.studio\/mentions-legales\/"},"modified":"2026-04-21T10:21:01","modified_gmt":"2026-04-21T08:21:01","slug":"mentions-legales","status":"publish","type":"page","link":"http:\/\/heyolive.studio\/fr\/mentions-legales\/","title":{"rendered":"Mentions l\u00e9gales"},"content":{"rendered":"<style>.kb-row-layout-id89_f41343-a1 > .kt-row-column-wrap{align-content:start;}:where(.kb-row-layout-id89_f41343-a1 > .kt-row-column-wrap) > .wp-block-kadence-column{justify-content:start;}.kb-row-layout-id89_f41343-a1 > .kt-row-column-wrap{column-gap:var(--global-kb-gap-md, 2rem);row-gap:var(--global-kb-gap-md, 2rem);max-width:var( --global-content-width, 1290px );padding-left:var(--global-content-edge-padding);padding-right:var(--global-content-edge-padding);padding-top:var(--global-kb-spacing-sm, 1.5rem);padding-bottom:var(--global-kb-spacing-sm, 1.5rem);grid-template-columns:minmax(0, 1fr);}.kb-row-layout-id89_f41343-a1 > .kt-row-layout-overlay{opacity:0.30;}@media all and (max-width: 1024px){.kb-row-layout-id89_f41343-a1 > .kt-row-column-wrap{grid-template-columns:minmax(0, 1fr);}}@media all and (max-width: 767px){.kb-row-layout-id89_f41343-a1 > .kt-row-column-wrap{grid-template-columns:minmax(0, 1fr);}}<\/style><div class=\"kb-row-layout-wrap kb-row-layout-id89_f41343-a1 alignnone wp-block-kadence-rowlayout\"><div class=\"kt-row-column-wrap kt-has-1-columns kt-row-layout-equal kt-tab-layout-inherit kt-mobile-layout-row kt-row-valign-top kb-theme-content-width\">\n<style>.kadence-column89_34b05e-c3 > .kt-inside-inner-col,.kadence-column89_34b05e-c3 > .kt-inside-inner-col:before{border-top-left-radius:0px;border-top-right-radius:0px;border-bottom-right-radius:0px;border-bottom-left-radius:0px;}.kadence-column89_34b05e-c3 > .kt-inside-inner-col{column-gap:var(--global-kb-gap-sm, 1rem);}.kadence-column89_34b05e-c3 > .kt-inside-inner-col{flex-direction:column;}.kadence-column89_34b05e-c3 > .kt-inside-inner-col > .aligncenter{width:100%;}.kadence-column89_34b05e-c3 > .kt-inside-inner-col:before{opacity:0.3;}.kadence-column89_34b05e-c3{position:relative;}.kadence-column89_34b05e-c3, .kt-inside-inner-col > .kadence-column89_34b05e-c3:not(.specificity){margin-bottom:var(--global-kb-spacing-lg, 3rem);}@media all and (max-width: 1024px){.kadence-column89_34b05e-c3 > .kt-inside-inner-col{flex-direction:column;justify-content:center;}}@media all and (max-width: 767px){.kadence-column89_34b05e-c3 > .kt-inside-inner-col{flex-direction:column;justify-content:center;}}<\/style>\n<div class=\"wp-block-kadence-column kadence-column89_34b05e-c3\"><div class=\"kt-inside-inner-col\"><style>.wp-block-kadence-advancedheading.kt-adv-heading89_20ddff-d3, .wp-block-kadence-advancedheading.kt-adv-heading89_20ddff-d3[data-kb-block=\"kb-adv-heading89_20ddff-d3\"]{text-align:center;font-size:var(--global-kb-font-size-xl, 3rem);font-style:normal;text-transform:uppercase;}.wp-block-kadence-advancedheading.kt-adv-heading89_20ddff-d3 mark.kt-highlight, .wp-block-kadence-advancedheading.kt-adv-heading89_20ddff-d3[data-kb-block=\"kb-adv-heading89_20ddff-d3\"] mark.kt-highlight{font-style:normal;color:#f76a0c;-webkit-box-decoration-break:clone;box-decoration-break:clone;padding-top:0px;padding-right:0px;padding-bottom:0px;padding-left:0px;}.wp-block-kadence-advancedheading.kt-adv-heading89_20ddff-d3 img.kb-inline-image, .wp-block-kadence-advancedheading.kt-adv-heading89_20ddff-d3[data-kb-block=\"kb-adv-heading89_20ddff-d3\"] img.kb-inline-image{width:150px;vertical-align:baseline;}<\/style>\n<h1 class=\"kt-adv-heading89_20ddff-d3 wp-block-kadence-advancedheading\" data-kb-block=\"kb-adv-heading89_20ddff-d3\">Mentions l\u00e9gales<\/h1>\n<\/div><\/div>\n\n\n<style>.kadence-column89_fb006f-39 > .kt-inside-inner-col,.kadence-column89_fb006f-39 > .kt-inside-inner-col:before{border-top-left-radius:0px;border-top-right-radius:0px;border-bottom-right-radius:0px;border-bottom-left-radius:0px;}.kadence-column89_fb006f-39 > .kt-inside-inner-col{column-gap:var(--global-kb-gap-sm, 1rem);}.kadence-column89_fb006f-39 > .kt-inside-inner-col{flex-direction:column;}.kadence-column89_fb006f-39 > .kt-inside-inner-col > .aligncenter{width:100%;}.kadence-column89_fb006f-39 > .kt-inside-inner-col:before{opacity:0.3;}.kadence-column89_fb006f-39{position:relative;}@media all and (max-width: 1024px){.kadence-column89_fb006f-39 > .kt-inside-inner-col{flex-direction:column;justify-content:center;}}@media all and (max-width: 767px){.kadence-column89_fb006f-39 > .kt-inside-inner-col{flex-direction:column;justify-content:center;}}<\/style>\n<div class=\"wp-block-kadence-column kadence-column89_fb006f-39\"><div class=\"kt-inside-inner-col\">\n<h2 class=\"wp-block-heading\">Informations selon \u00a7 5 TMG :<\/h2>\n\n\n\n<p>Max Jan Heinrich &amp; Candida Heinrich-Piras GbR<br\/>Elisabeth-Kirch-Str.22<br\/>67659 Kaiserslautern<\/p>\n\n\n\n<p>T\u00e9l\u00e9phone : 01781987061<br\/>E-mail :<a href=\"mailto:hello@candidaandmaxjan.com\"> <\/a><a href=\"mailto:hey@heyolive.studio\">hey@heyolive.studio<\/a><\/p>\n\n\n\n<p><strong>Repr\u00e9sent\u00e9e par :<\/strong><br\/>Max Jan Heinrich<br\/>Candida Heinrich-Piras<\/p>\n\n\n\n<p>Num\u00e9ro d&rsquo;identification de la taxe sur le chiffre d&rsquo;affaires conform\u00e9ment au \u00a727 a de la loi sur la taxe sur le chiffre d&rsquo;affaires :<br\/>DE323956887<\/p>\n\n\n\n<h2 class=\"wp-block-heading\">Remarque sur le r\u00e8glement des litiges<\/h2>\n\n\n\n<p>Conform\u00e9ment \u00e0 la l\u00e9gislation en vigueur, nous sommes tenus d&rsquo;informer les consommateurs de l&rsquo;existence de la plateforme europ\u00e9enne de r\u00e8glement en ligne des litiges, qui peut \u00eatre utilis\u00e9e pour r\u00e9soudre les litiges sans passer par un tribunal. La Commission europ\u00e9enne est responsable de la mise en place de la plate-forme. La plateforme europ\u00e9enne de r\u00e8glement en ligne des litiges est disponible \u00e0 l <a href=\"http:\/\/ec.europa.eu\/odr\" target=\"_blank\" rel=\"noreferrer noopener\">&lsquo;adresse suivante : http:\/\/ec.europa.eu\/odr.<\/a> Notre adresse \u00e9lectronique est la suivante : <a href=\"mailto:hey@heyolive.studio\">hey@heyolive.studio<\/a><\/p>\n\n\n\n<p>Nous attirons toutefois votre attention sur le fait que nous ne sommes pas dispos\u00e9s \u00e0 participer \u00e0 la proc\u00e9dure de r\u00e8glement des litiges dans le cadre de la plateforme europ\u00e9enne de r\u00e8glement des litiges en ligne. Pour nous contacter, veuillez utiliser notre e-mail et notre num\u00e9ro de t\u00e9l\u00e9phone ci-dessus.<\/p>\n\n\n\n<h2 class=\"wp-block-heading\">Disclaimer &#8211; informations juridiques<\/h2>\n\n\n\n<p>\u00a7 1 Avertissement sur le contenu<br\/>Les contenus gratuits et librement accessibles de ce site web ont \u00e9t\u00e9 cr\u00e9\u00e9s avec le plus grand soin. Le fournisseur de ce site web ne garantit toutefois pas l&rsquo;exactitude et l&rsquo;actualit\u00e9 des conseils et des nouvelles journalistiques mis \u00e0 disposition gratuitement et en libre acc\u00e8s. Les contributions nomm\u00e9es refl\u00e8tent l&rsquo;opinion de leur auteur et pas toujours celle du fournisseur. La seule consultation des contenus gratuits et librement accessibles ne donne lieu \u00e0 aucune relation contractuelle entre l&rsquo;utilisateur et le fournisseur, la volont\u00e9 de lier juridiquement le fournisseur faisant d\u00e9faut.<\/p>\n\n\n\n<p>\u00a7 2 Liens externes<br\/>Ce site web contient des liens vers des sites web de tiers (\u00ab\u00a0liens externes\u00a0\u00bb). Ces sites sont soumis \u00e0 la responsabilit\u00e9 de leurs exploitants respectifs. Lors de la premi\u00e8re mise en place des liens externes, le fournisseur a v\u00e9rifi\u00e9 que les contenus externes ne pr\u00e9sentaient pas d&rsquo;\u00e9ventuelles violations de la loi. Aucune violation de la loi n&rsquo;a \u00e9t\u00e9 constat\u00e9e \u00e0 ce moment-l\u00e0. Le fournisseur n&rsquo;a aucune influence sur la conception actuelle et future et sur les contenus des pages li\u00e9es. La mise en place de liens externes ne signifie pas que le fournisseur s&rsquo;approprie les contenus se trouvant derri\u00e8re le renvoi ou le lien. Un contr\u00f4le permanent des liens externes ne peut \u00eatre exig\u00e9 du fournisseur sans indications concr\u00e8tes de violations de la loi. Toutefois, d\u00e8s la prise de connaissance d&rsquo;une infraction \u00e0 la loi, les liens externes de ce type seront imm\u00e9diatement supprim\u00e9s.<\/p>\n\n\n\n<p>\u00a7 3 Droits d&rsquo;auteur et droits voisins<br\/>Les contenus publi\u00e9s sur ce site web sont soumis aux droits d&rsquo;auteur et droits voisins allemands. Toute utilisation non autoris\u00e9e par le droit d&rsquo;auteur et les droits voisins allemands requiert l&rsquo;accord \u00e9crit pr\u00e9alable du fournisseur ou du d\u00e9tenteur des droits respectifs. Cela s&rsquo;applique en particulier \u00e0 la reproduction, au traitement, \u00e0 la traduction, \u00e0 l&rsquo;enregistrement, au traitement ou \u00e0 la reproduction de contenus dans des bases de donn\u00e9es ou d&rsquo;autres m\u00e9dias et syst\u00e8mes \u00e9lectroniques. Les contenus et les droits de tiers sont signal\u00e9s comme tels. La reproduction ou la transmission non autoris\u00e9e de certains contenus ou de pages enti\u00e8res est interdite et punissable. Seule la r\u00e9alisation de copies et de t\u00e9l\u00e9chargements pour un usage personnel, priv\u00e9 et non commercial est autoris\u00e9e.<\/p>\n\n\n\n<p>La repr\u00e9sentation de ce site web dans des cadres \u00e9trangers n&rsquo;est autoris\u00e9e qu&rsquo;avec une permission \u00e9crite.<\/p>\n\n\n\n<p>\u00a7 4 Conditions d&rsquo;utilisation particuli\u00e8res<br\/>Si des conditions particuli\u00e8res pour certaines utilisations de ce site Web diff\u00e8rent des paragraphes pr\u00e9c\u00e9dents, il en est fait express\u00e9ment mention \u00e0 l&rsquo;endroit correspondant. Dans ce cas, les conditions d&rsquo;utilisation particuli\u00e8res s&rsquo;appliquent dans chaque cas.<\/p>\n<\/div><\/div>\n\n<\/div><\/div><div class=\"woocommerce woocommerce-gzd woocommerce-gzd-complaints-shortcode\">\n\t\t\t<h3>Alternative Dispute Resolution in accordance with Art. 14 (1) ODR-VO and \u00a7 36 VSBG:<\/h3>\n\t\nZur Teilnahme an einem Streitbeilegungsverfahren vor einer Verbraucherschlichtungsstelle sind wir nicht verpflichtet und nicht bereit.<\/div>\n","protected":false},"excerpt":{"rendered":"<p>Mentions l\u00e9gales Informations selon \u00a7 5 TMG : Max Jan Heinrich &amp; Candida Heinrich-Piras GbRElisabeth-Kirch-Str.2267659 Kaiserslautern T\u00e9l\u00e9phone : 01781987061E-mail : hey@heyolive.studio Repr\u00e9sent\u00e9e par :Max Jan HeinrichCandida Heinrich-Piras Num\u00e9ro d&rsquo;identification de la taxe sur le chiffre d&rsquo;affaires conform\u00e9ment au \u00a727 a de la loi sur la taxe sur le chiffre d&rsquo;affaires :DE323956887 Remarque sur le r\u00e8glement&#8230;<\/p>\n","protected":false},"author":6,"featured_media":0,"parent":0,"menu_order":0,"comment_status":"closed","ping_status":"closed","template":"","meta":{"_kad_blocks_custom_css":"","_kad_blocks_head_custom_js":"","_kad_blocks_body_custom_js":"","_kad_blocks_footer_custom_js":"","_kadence_starter_templates_imported_post":false,"_kad_post_transparent":"","_kad_post_title":"","_kad_post_layout":"","_kad_post_sidebar_id":"","_kad_post_content_style":"","_kad_post_vertical_padding":"","_kad_post_feature":"","_kad_post_feature_position":"","_kad_post_header":false,"_kad_post_footer":false,"_kad_post_classname":"","footnotes":""},"class_list":["post-2853","page","type-page","status-publish","hentry"],"yoast_head":"<!-- This site is optimized with the Yoast SEO plugin v27.5 - https:\/\/yoast.com\/product\/yoast-seo-wordpress\/ -->\n<title>Mentions l\u00e9gales - hey olive Studio<\/title>\n<meta name=\"description\" content=\"Mentions l\u00e9gales de hey olive Studio. Trouvez toutes les informations n\u00e9cessaires pour nous contacter. Lisez nos mentions l\u00e9gales d\u00e9taill\u00e9es.\" \/>\n<meta name=\"robots\" content=\"index, follow, max-snippet:-1, max-image-preview:large, max-video-preview:-1\" \/>\n<link rel=\"canonical\" href=\"http:\/\/heyolive.studio\/fr\/mentions-legales\/\" \/>\n<meta property=\"og:locale\" content=\"fr_FR\" \/>\n<meta property=\"og:type\" content=\"article\" \/>\n<meta property=\"og:title\" content=\"Mentions l\u00e9gales de hey olive Studio\" \/>\n<meta property=\"og:description\" content=\"Consultez les mentions l\u00e9gales de notre studio \u00e0 Kaiserslautern.\" \/>\n<meta property=\"og:url\" content=\"http:\/\/heyolive.studio\/fr\/mentions-legales\/\" \/>\n<meta property=\"og:site_name\" content=\"hey olive Studio\" \/>\n<meta property=\"article:modified_time\" content=\"2026-04-21T08:21:01+00:00\" \/>\n<meta name=\"twitter:card\" content=\"summary_large_image\" \/>\n<meta name=\"twitter:label1\" content=\"Dur\u00e9e de lecture estim\u00e9e\" \/>\n\t<meta name=\"twitter:data1\" content=\"3 minutes\" \/>\n<script type=\"application\/ld+json\" class=\"yoast-schema-graph\">{\"@context\":\"https:\\\/\\\/schema.org\",\"@graph\":[{\"@type\":\"WebPage\",\"@id\":\"http:\\\/\\\/heyolive.studio\\\/fr\\\/mentions-legales\\\/\",\"url\":\"http:\\\/\\\/heyolive.studio\\\/fr\\\/mentions-legales\\\/\",\"name\":\"Mentions l\u00e9gales - hey olive Studio\",\"isPartOf\":{\"@id\":\"https:\\\/\\\/heyolive.studio\\\/fr\\\/#website\"},\"datePublished\":\"2022-04-09T18:21:25+00:00\",\"dateModified\":\"2026-04-21T08:21:01+00:00\",\"description\":\"Mentions l\u00e9gales de hey olive Studio. Trouvez toutes les informations n\u00e9cessaires pour nous contacter. Lisez nos mentions l\u00e9gales d\u00e9taill\u00e9es.\",\"breadcrumb\":{\"@id\":\"http:\\\/\\\/heyolive.studio\\\/fr\\\/mentions-legales\\\/#breadcrumb\"},\"inLanguage\":\"fr-FR\",\"potentialAction\":[{\"@type\":\"ReadAction\",\"target\":[\"http:\\\/\\\/heyolive.studio\\\/fr\\\/mentions-legales\\\/\"]}]},{\"@type\":\"BreadcrumbList\",\"@id\":\"http:\\\/\\\/heyolive.studio\\\/fr\\\/mentions-legales\\\/#breadcrumb\",\"itemListElement\":[{\"@type\":\"ListItem\",\"position\":1,\"name\":\"Startseite\",\"item\":\"https:\\\/\\\/heyolive.studio\\\/fr\\\/\"},{\"@type\":\"ListItem\",\"position\":2,\"name\":\"Mentions l\u00e9gales\"}]},{\"@type\":\"WebSite\",\"@id\":\"https:\\\/\\\/heyolive.studio\\\/fr\\\/#website\",\"url\":\"https:\\\/\\\/heyolive.studio\\\/fr\\\/\",\"name\":\"hey olive Studio\",\"description\":\"Mietstudio in Kaiserslautern\",\"publisher\":{\"@id\":\"https:\\\/\\\/heyolive.studio\\\/fr\\\/#organization\"},\"potentialAction\":[{\"@type\":\"SearchAction\",\"target\":{\"@type\":\"EntryPoint\",\"urlTemplate\":\"https:\\\/\\\/heyolive.studio\\\/fr\\\/?s={search_term_string}\"},\"query-input\":{\"@type\":\"PropertyValueSpecification\",\"valueRequired\":true,\"valueName\":\"search_term_string\"}}],\"inLanguage\":\"fr-FR\"},{\"@type\":\"Organization\",\"@id\":\"https:\\\/\\\/heyolive.studio\\\/fr\\\/#organization\",\"name\":\"Hey Olive Studio\",\"url\":\"https:\\\/\\\/heyolive.studio\\\/fr\\\/\",\"logo\":{\"@type\":\"ImageObject\",\"inLanguage\":\"fr-FR\",\"@id\":\"https:\\\/\\\/heyolive.studio\\\/fr\\\/#\\\/schema\\\/logo\\\/image\\\/\",\"url\":\"http:\\\/\\\/heyolive.studio\\\/wp-content\\\/uploads\\\/2026\\\/02\\\/Hey-Olive-Studio-Logo-black.png\",\"contentUrl\":\"http:\\\/\\\/heyolive.studio\\\/wp-content\\\/uploads\\\/2026\\\/02\\\/Hey-Olive-Studio-Logo-black.png\",\"width\":1134,\"height\":756,\"caption\":\"Hey Olive Studio\"},\"image\":{\"@id\":\"https:\\\/\\\/heyolive.studio\\\/fr\\\/#\\\/schema\\\/logo\\\/image\\\/\"},\"sameAs\":[\"https:\\\/\\\/instagram.com\\\/heyolivestudio\"]}]}<\/script>\n<!-- \/ Yoast SEO plugin. -->","yoast_head_json":{"title":"Mentions l\u00e9gales - hey olive Studio","description":"Mentions l\u00e9gales de hey olive Studio. Trouvez toutes les informations n\u00e9cessaires pour nous contacter. Lisez nos mentions l\u00e9gales d\u00e9taill\u00e9es.","robots":{"index":"index","follow":"follow","max-snippet":"max-snippet:-1","max-image-preview":"max-image-preview:large","max-video-preview":"max-video-preview:-1"},"canonical":"http:\/\/heyolive.studio\/fr\/mentions-legales\/","og_locale":"fr_FR","og_type":"article","og_title":"Mentions l\u00e9gales de hey olive Studio","og_description":"Consultez les mentions l\u00e9gales de notre studio \u00e0 Kaiserslautern.","og_url":"http:\/\/heyolive.studio\/fr\/mentions-legales\/","og_site_name":"hey olive Studio","article_modified_time":"2026-04-21T08:21:01+00:00","twitter_card":"summary_large_image","twitter_misc":{"Dur\u00e9e de lecture estim\u00e9e":"3 minutes"},"schema":{"@context":"https:\/\/schema.org","@graph":[{"@type":"WebPage","@id":"http:\/\/heyolive.studio\/fr\/mentions-legales\/","url":"http:\/\/heyolive.studio\/fr\/mentions-legales\/","name":"Mentions l\u00e9gales - hey olive Studio","isPartOf":{"@id":"https:\/\/heyolive.studio\/fr\/#website"},"datePublished":"2022-04-09T18:21:25+00:00","dateModified":"2026-04-21T08:21:01+00:00","description":"Mentions l\u00e9gales de hey olive Studio. Trouvez toutes les informations n\u00e9cessaires pour nous contacter. Lisez nos mentions l\u00e9gales d\u00e9taill\u00e9es.","breadcrumb":{"@id":"http:\/\/heyolive.studio\/fr\/mentions-legales\/#breadcrumb"},"inLanguage":"fr-FR","potentialAction":[{"@type":"ReadAction","target":["http:\/\/heyolive.studio\/fr\/mentions-legales\/"]}]},{"@type":"BreadcrumbList","@id":"http:\/\/heyolive.studio\/fr\/mentions-legales\/#breadcrumb","itemListElement":[{"@type":"ListItem","position":1,"name":"Startseite","item":"https:\/\/heyolive.studio\/fr\/"},{"@type":"ListItem","position":2,"name":"Mentions l\u00e9gales"}]},{"@type":"WebSite","@id":"https:\/\/heyolive.studio\/fr\/#website","url":"https:\/\/heyolive.studio\/fr\/","name":"hey olive Studio","description":"Mietstudio in Kaiserslautern","publisher":{"@id":"https:\/\/heyolive.studio\/fr\/#organization"},"potentialAction":[{"@type":"SearchAction","target":{"@type":"EntryPoint","urlTemplate":"https:\/\/heyolive.studio\/fr\/?s={search_term_string}"},"query-input":{"@type":"PropertyValueSpecification","valueRequired":true,"valueName":"search_term_string"}}],"inLanguage":"fr-FR"},{"@type":"Organization","@id":"https:\/\/heyolive.studio\/fr\/#organization","name":"Hey Olive Studio","url":"https:\/\/heyolive.studio\/fr\/","logo":{"@type":"ImageObject","inLanguage":"fr-FR","@id":"https:\/\/heyolive.studio\/fr\/#\/schema\/logo\/image\/","url":"http:\/\/heyolive.studio\/wp-content\/uploads\/2026\/02\/Hey-Olive-Studio-Logo-black.png","contentUrl":"http:\/\/heyolive.studio\/wp-content\/uploads\/2026\/02\/Hey-Olive-Studio-Logo-black.png","width":1134,"height":756,"caption":"Hey Olive Studio"},"image":{"@id":"https:\/\/heyolive.studio\/fr\/#\/schema\/logo\/image\/"},"sameAs":["https:\/\/instagram.com\/heyolivestudio"]}]}},"taxonomy_info":[],"featured_image_src_large":false,"author_info":{"display_name":"maxjan","author_link":"http:\/\/heyolive.studio\/fr\/author\/maxjanh\/"},"comment_info":0,"_links":{"self":[{"href":"http:\/\/heyolive.studio\/fr\/wp-json\/wp\/v2\/pages\/2853","targetHints":{"allow":["GET"]}}],"collection":[{"href":"http:\/\/heyolive.studio\/fr\/wp-json\/wp\/v2\/pages"}],"about":[{"href":"http:\/\/heyolive.studio\/fr\/wp-json\/wp\/v2\/types\/page"}],"author":[{"embeddable":true,"href":"http:\/\/heyolive.studio\/fr\/wp-json\/wp\/v2\/users\/6"}],"replies":[{"embeddable":true,"href":"http:\/\/heyolive.studio\/fr\/wp-json\/wp\/v2\/comments?post=2853"}],"version-history":[{"count":1,"href":"http:\/\/heyolive.studio\/fr\/wp-json\/wp\/v2\/pages\/2853\/revisions"}],"predecessor-version":[{"id":4937,"href":"http:\/\/heyolive.studio\/fr\/wp-json\/wp\/v2\/pages\/2853\/revisions\/4937"}],"wp:attachment":[{"href":"http:\/\/heyolive.studio\/fr\/wp-json\/wp\/v2\/media?parent=2853"}],"curies":[{"name":"wp","href":"https:\/\/api.w.org\/{rel}","templated":true}]}}